{"id":370,"date":"2024-10-15T16:39:54","date_gmt":"2024-10-15T16:39:54","guid":{"rendered":"https:\/\/ceylan.muratsabah.com.tr\/?page_id=370"},"modified":"2024-10-15T18:03:01","modified_gmt":"2024-10-15T18:03:01","slug":"hakkimizda","status":"publish","type":"page","link":"https:\/\/ceylanins.com.tr\/index.php\/hakkimizda\/","title":{"rendered":"Hakk\u0131m\u0131zda"},"content":{"rendered":"\t\t<div data-elementor-type=\"wp-page\" data-elementor-id=\"370\" class=\"elementor elementor-370\" data-elementor-post-type=\"page\">\n\t\t\t\t\t\t<section class=\"elementor-section elementor-top-section elementor-element elementor-element-6d21b328 elementor-section-boxed elementor-section-height-default elementor-section-height-default\" data-id=\"6d21b328\" data-element_type=\"section\" data-settings=\"{&quot;background_background&quot;:&quot;classic&quot;}\">\n\t\t\t\t\t\t\t<div class=\"elementor-background-overlay\"><\/div>\n\t\t\t\t\t\t\t<div class=\"elementor-container elementor-column-gap-default\">\n\t\t\t\t\t<div class=\"elementor-column elementor-col-100 elementor-top-column elementor-element elementor-element-6a58f9ae\" data-id=\"6a58f9ae\" data-element_type=\"column\" data-settings=\"{&quot;background_background&quot;:&quot;classic&quot;}\">\n\t\t\t<div class=\"elementor-widget-wrap elementor-element-populated\">\n\t\t\t\t\t\t<div class=\"elementor-element elementor-element-6cc51749 elementor-invisible elementor-widget elementor-widget-heading\" data-id=\"6cc51749\" data-element_type=\"widget\" data-settings=\"{&quot;_animation&quot;:&quot;fadeInUp&quot;,&quot;_animation_delay&quot;:400}\" data-widget_type=\"heading.default\">\n\t\t\t\t<div class=\"elementor-widget-container\">\n\t\t\t\t\t<h5 class=\"elementor-heading-title elementor-size-default\"><a href=\"https:\/\/ceylanins.com.tr\/\">Ceylan \u0130n\u015faat<\/a><\/h5>\t\t\t\t<\/div>\n\t\t\t\t<\/div>\n\t\t\t\t<div class=\"elementor-element elementor-element-6b31b77f elementor-widget elementor-widget-heading\" data-id=\"6b31b77f\" data-element_type=\"widget\" data-widget_type=\"heading.default\">\n\t\t\t\t<div class=\"elementor-widget-container\">\n\t\t\t\t\t<h2 class=\"elementor-heading-title elementor-size-default\">Hakk\u0131m\u0131zda<\/h2>\t\t\t\t<\/div>\n\t\t\t\t<\/div>\n\t\t\t\t<div class=\"elementor-element elementor-element-4f8d8ead elementor-widget__width-initial elementor-absolute elementor-widget-divider--view-line elementor-invisible elementor-widget elementor-widget-divider\" data-id=\"4f8d8ead\" data-element_type=\"widget\" data-settings=\"{&quot;_animation&quot;:&quot;fadeInLeft&quot;,&quot;_animation_delay&quot;:300,&quot;_position&quot;:&quot;absolute&quot;}\" data-widget_type=\"divider.default\">\n\t\t\t\t<div class=\"elementor-widget-container\">\n\t\t\t\t\t\t\t<div class=\"elementor-divider\">\n\t\t\t<span class=\"elementor-divider-separator\">\n\t\t\t\t\t\t<\/span>\n\t\t<\/div>\n\t\t\t\t\t\t<\/div>\n\t\t\t\t<\/div>\n\t\t\t\t\t<\/div>\n\t\t<\/div>\n\t\t\t\t\t<\/div>\n\t\t<\/section>\n\t\t\t\t<section class=\"elementor-section elementor-top-section elementor-element elementor-element-4e5a4b12 elementor-section-boxed elementor-section-height-default elementor-section-height-default\" data-id=\"4e5a4b12\" data-element_type=\"section\">\n\t\t\t\t\t\t<div class=\"elementor-container elementor-column-gap-no\">\n\t\t\t\t\t<div class=\"elementor-column elementor-col-50 elementor-top-column elementor-element elementor-element-2c3feea\" data-id=\"2c3feea\" data-element_type=\"column\">\n\t\t\t<div class=\"elementor-widget-wrap elementor-element-populated\">\n\t\t\t\t\t\t<div class=\"elementor-element elementor-element-2390f767 elementor-headline--style-highlight elementor-widget elementor-widget-animated-headline\" data-id=\"2390f767\" data-element_type=\"widget\" data-settings=\"{&quot;marker&quot;:&quot;underline&quot;,&quot;highlighted_text&quot;:&quot;Ceylan \\u0130n\\u015faat&quot;,&quot;headline_style&quot;:&quot;highlight&quot;,&quot;loop&quot;:&quot;yes&quot;,&quot;highlight_animation_duration&quot;:1200,&quot;highlight_iteration_delay&quot;:8000}\" data-widget_type=\"animated-headline.default\">\n\t\t\t\t<div class=\"elementor-widget-container\">\n\t\t\t\t\t\t\t<h3 class=\"elementor-headline\">\n\t\t\t\t\t<span class=\"elementor-headline-plain-text elementor-headline-text-wrapper\">G\u00fcvenle y\u00fckselen yap\u0131lar,<\/span>\n\t\t\t\t<span class=\"elementor-headline-dynamic-wrapper elementor-headline-text-wrapper\">\n\t\t\t\t\t<span class=\"elementor-headline-dynamic-text elementor-headline-text-active\">Ceylan \u0130n\u015faat<\/span>\n\t\t\t\t<\/span>\n\t\t\t\t\t<span class=\"elementor-headline-plain-text elementor-headline-text-wrapper\">ile yar\u0131nlara sa\u011flam ad\u0131mlar.<\/span>\n\t\t\t\t\t<\/h3>\n\t\t\t\t\t\t<\/div>\n\t\t\t\t<\/div>\n\t\t\t\t<div class=\"elementor-element elementor-element-69e2f9df elementor-widget elementor-widget-text-editor\" data-id=\"69e2f9df\" data-element_type=\"widget\" data-widget_type=\"text-editor.default\">\n\t\t\t\t<div class=\"elementor-widget-container\">\n\t\t\t\t\t\t\t\t\t<p class=\"p1\"><b>Firmam\u0131z<\/b><b><\/b><\/p><p class=\"p1\">Ceylan \u0130n\u015faat, kalite, g\u00fcven ve m\u00fc\u015fteri memnuniyetini temel alarak in\u015faat sekt\u00f6r\u00fcnde emin ad\u0131mlarla ilerlemeye devam etmektedir. Amac\u0131m\u0131z, sekt\u00f6rdeki en y\u00fcksek standartlar\u0131 sa\u011flayarak m\u00fc\u015fterilerimizin ihtiya\u00e7lar\u0131n\u0131 kar\u015f\u0131lamak ve uzun vadeli i\u015f ortakl\u0131klar\u0131 kurmakt\u0131r.<\/p><p class=\"p1\"><b>Misyonumuz<\/b><b><\/b><\/p><p class=\"p1\">Topluma ve \u00e7evreye kar\u015f\u0131 sorumluluk bilinciyle hareket eden Ceylan \u0130n\u015faat, hedefleri, stratejileri ve de\u011ferleri do\u011frultusunda:<\/p><p class=\"p3\">\u2022\u00c7al\u0131\u015fanlar\u0131m\u0131z\u0131n ve m\u00fc\u015fterilerimizin en \u00fcst d\u00fczeyde ihtiya\u00e7lar\u0131n\u0131 kar\u015f\u0131lamay\u0131,<\/p><p class=\"p3\">\u2022T\u00fcm kaynaklar\u0131 en verimli \u015fekilde kullanarak s\u00fcrekli geli\u015fimi sa\u011flamay\u0131,<\/p><p class=\"p3\">\u2022Hedef pazarlarda rekabet\u00e7i, kaliteli \u00fcr\u00fcn ve hizmetler sunmay\u0131 ama\u00e7lamaktad\u0131r.<\/p><p class=\"p1\"><b>De\u011ferlerimiz<\/b><b><\/b><\/p><p class=\"p3\">\u2022<b>\u0130\u015f Sa\u011fl\u0131\u011f\u0131 ve G\u00fcvenli\u011fi:<\/b> Faaliyetlerimizin merkezinde i\u015f\u00e7i sa\u011fl\u0131\u011f\u0131 ve g\u00fcvenli\u011fi yer al\u0131r.<\/p><p class=\"p3\">\u2022<b>M\u00fc\u015fteri Memnuniyeti:<\/b> M\u00fc\u015fteri memnuniyeti ve ba\u011fl\u0131l\u0131\u011f\u0131 birinci \u00f6nceli\u011fimizdir.<\/p><p class=\"p3\">\u2022<b>\u0130nsan Kayna\u011f\u0131:<\/b> E\u011fitilmi\u015f, deneyimli ve kat\u0131l\u0131mc\u0131 \u00e7al\u0131\u015fanlar\u0131m\u0131z en \u00f6nemli varl\u0131\u011f\u0131m\u0131zd\u0131r.<\/p><p class=\"p3\">\u2022<b>\u00c7evreye Duyarl\u0131l\u0131k:<\/b> T\u00fcm projelerimizde do\u011fal \u00e7evreyi korumaya ve enerji tasarrufuna \u00f6nem veririz.<\/p><p class=\"p3\">\u2022<b>Etik De\u011ferler:<\/b> Sosyal payda\u015flar\u0131m\u0131zla g\u00fcvene, sayg\u0131ya ve i\u015f eti\u011fine dayal\u0131 ili\u015fkiler kurar\u0131z.<\/p><p class=\"p3\">\u2022<b>Topluma Katk\u0131:<\/b> Toplumun geli\u015fimine katk\u0131da bulunmay\u0131 temel bir sorumluluk olarak kabul ederiz.<\/p><p class=\"p1\"><b>Vizyonumuz<\/b><b><\/b><\/p><p class=\"p1\">B\u00f6lgesel sanayideki lider konumumuzu g\u00fc\u00e7lendirerek, T\u00fcrk in\u015faat sekt\u00f6r\u00fcnde \u00f6nc\u00fc firmalar aras\u0131nda yer almay\u0131 hedeflemekteyiz.<\/p>\t\t\t\t\t\t\t\t<\/div>\n\t\t\t\t<\/div>\n\t\t\t\t\t<\/div>\n\t\t<\/div>\n\t\t\t\t<div class=\"elementor-column elementor-col-50 elementor-top-column elementor-element elementor-element-71d8a13b animated-slow elementor-invisible\" data-id=\"71d8a13b\" data-element_type=\"column\" data-settings=\"{&quot;background_background&quot;:&quot;classic&quot;,&quot;animation&quot;:&quot;fadeIn&quot;}\">\n\t\t\t<div class=\"elementor-widget-wrap elementor-element-populated\">\n\t\t\t\t\t\t<div class=\"elementor-element elementor-element-b0caa73 elementor-widget elementor-widget-spacer\" data-id=\"b0caa73\" data-element_type=\"widget\" data-widget_type=\"spacer.default\">\n\t\t\t\t<div class=\"elementor-widget-container\">\n\t\t\t\t\t\t\t<div class=\"elementor-spacer\">\n\t\t\t<div class=\"elementor-spacer-inner\"><\/div>\n\t\t<\/div>\n\t\t\t\t\t\t<\/div>\n\t\t\t\t<\/div>\n\t\t\t\t\t<\/div>\n\t\t<\/div>\n\t\t\t\t\t<\/div>\n\t\t<\/section>\n\t\t\t\t<\/div>\n\t\t","protected":false},"excerpt":{"rendered":"<p>Ceylan \u0130n\u015faat Hakk\u0131m\u0131zda G\u00fcvenle y\u00fckselen yap\u0131lar, Ceylan \u0130n\u015faat ile yar\u0131nlara sa\u011flam ad\u0131mlar. Firmam\u0131z Ceylan \u0130n\u015faat, kalite, g\u00fcven ve m\u00fc\u015fteri memnuniyetini temel alarak in\u015faat sekt\u00f6r\u00fcnde emin ad\u0131mlarla ilerlemeye devam etmektedir. Amac\u0131m\u0131z, sekt\u00f6rdeki en y\u00fcksek standartlar\u0131 sa\u011flayarak m\u00fc\u015fterilerimizin ihtiya\u00e7lar\u0131n\u0131 kar\u015f\u0131lamak ve uzun vadeli i\u015f ortakl\u0131klar\u0131 kurmakt\u0131r. Misyonumuz Topluma ve \u00e7evreye kar\u015f\u0131 sorumluluk bilinciyle hareket eden Ceylan \u0130n\u015faat, [&hellip;]<\/p>\n","protected":false},"author":1,"featured_media":0,"parent":0,"menu_order":0,"comment_status":"closed","ping_status":"closed","template":"","meta":{"footnotes":""},"class_list":["post-370","page","type-page","status-publish","hentry"],"_links":{"self":[{"href":"https:\/\/ceylanins.com.tr\/index.php\/wp-json\/wp\/v2\/pages\/370","targetHints":{"allow":["GET"]}}],"collection":[{"href":"https:\/\/ceylanins.com.tr\/index.php\/wp-json\/wp\/v2\/pages"}],"about":[{"href":"https:\/\/ceylanins.com.tr\/index.php\/wp-json\/wp\/v2\/types\/page"}],"author":[{"embeddable":true,"href":"https:\/\/ceylanins.com.tr\/index.php\/wp-json\/wp\/v2\/users\/1"}],"replies":[{"embeddable":true,"href":"https:\/\/ceylanins.com.tr\/index.php\/wp-json\/wp\/v2\/comments?post=370"}],"version-history":[{"count":10,"href":"https:\/\/ceylanins.com.tr\/index.php\/wp-json\/wp\/v2\/pages\/370\/revisions"}],"predecessor-version":[{"id":422,"href":"https:\/\/ceylanins.com.tr\/index.php\/wp-json\/wp\/v2\/pages\/370\/revisions\/422"}],"wp:attachment":[{"href":"https:\/\/ceylanins.com.tr\/index.php\/wp-json\/wp\/v2\/media?parent=370"}],"curies":[{"name":"wp","href":"https:\/\/api.w.org\/{rel}","templated":true}]}}