{"id":383,"date":"2024-10-15T17:06:14","date_gmt":"2024-10-15T17:06:14","guid":{"rendered":"https:\/\/ceylan.muratsabah.com.tr\/?page_id=383"},"modified":"2024-10-15T17:51:22","modified_gmt":"2024-10-15T17:51:22","slug":"sirket-profili","status":"publish","type":"page","link":"https:\/\/ceylanins.com.tr\/index.php\/sirket-profili\/","title":{"rendered":"\u015eirket Profili"},"content":{"rendered":"\t\t<div data-elementor-type=\"wp-page\" data-elementor-id=\"383\" class=\"elementor elementor-383\" data-elementor-post-type=\"page\">\n\t\t\t\t\t\t<section class=\"elementor-section elementor-top-section elementor-element elementor-element-3c66a7a0 elementor-section-boxed elementor-section-height-default elementor-section-height-default\" data-id=\"3c66a7a0\" data-element_type=\"section\" data-settings=\"{&quot;background_background&quot;:&quot;classic&quot;}\">\n\t\t\t\t\t\t\t<div class=\"elementor-background-overlay\"><\/div>\n\t\t\t\t\t\t\t<div class=\"elementor-container elementor-column-gap-default\">\n\t\t\t\t\t<div class=\"elementor-column elementor-col-100 elementor-top-column elementor-element elementor-element-2a6b7e90\" data-id=\"2a6b7e90\" data-element_type=\"column\" data-settings=\"{&quot;background_background&quot;:&quot;classic&quot;}\">\n\t\t\t<div class=\"elementor-widget-wrap elementor-element-populated\">\n\t\t\t\t\t\t<div class=\"elementor-element elementor-element-66ede1ac elementor-invisible elementor-widget elementor-widget-heading\" data-id=\"66ede1ac\" data-element_type=\"widget\" data-settings=\"{&quot;_animation&quot;:&quot;fadeInUp&quot;,&quot;_animation_delay&quot;:400}\" data-widget_type=\"heading.default\">\n\t\t\t\t<div class=\"elementor-widget-container\">\n\t\t\t\t\t<h5 class=\"elementor-heading-title elementor-size-default\"><a href=\"https:\/\/ceylanins.com.tr\/\">Ceylan \u0130n\u015faat<\/a><\/h5>\t\t\t\t<\/div>\n\t\t\t\t<\/div>\n\t\t\t\t<div class=\"elementor-element elementor-element-71e9f21a elementor-widget elementor-widget-heading\" data-id=\"71e9f21a\" data-element_type=\"widget\" data-widget_type=\"heading.default\">\n\t\t\t\t<div class=\"elementor-widget-container\">\n\t\t\t\t\t<h2 class=\"elementor-heading-title elementor-size-default\">\u015eirket Profili<\/h2>\t\t\t\t<\/div>\n\t\t\t\t<\/div>\n\t\t\t\t<div class=\"elementor-element elementor-element-214d3526 elementor-widget__width-initial elementor-absolute elementor-widget-divider--view-line elementor-invisible elementor-widget elementor-widget-divider\" data-id=\"214d3526\" data-element_type=\"widget\" data-settings=\"{&quot;_animation&quot;:&quot;fadeInLeft&quot;,&quot;_animation_delay&quot;:300,&quot;_position&quot;:&quot;absolute&quot;}\" data-widget_type=\"divider.default\">\n\t\t\t\t<div class=\"elementor-widget-container\">\n\t\t\t\t\t\t\t<div class=\"elementor-divider\">\n\t\t\t<span class=\"elementor-divider-separator\">\n\t\t\t\t\t\t<\/span>\n\t\t<\/div>\n\t\t\t\t\t\t<\/div>\n\t\t\t\t<\/div>\n\t\t\t\t\t<\/div>\n\t\t<\/div>\n\t\t\t\t\t<\/div>\n\t\t<\/section>\n\t\t\t\t<section class=\"elementor-section elementor-top-section elementor-element elementor-element-2d5faae9 elementor-section-boxed elementor-section-height-default elementor-section-height-default\" data-id=\"2d5faae9\" data-element_type=\"section\">\n\t\t\t\t\t\t<div class=\"elementor-container elementor-column-gap-no\">\n\t\t\t\t\t<div class=\"elementor-column elementor-col-50 elementor-top-column elementor-element elementor-element-4064fa0e\" data-id=\"4064fa0e\" data-element_type=\"column\">\n\t\t\t<div class=\"elementor-widget-wrap elementor-element-populated\">\n\t\t\t\t\t\t<div class=\"elementor-element elementor-element-7f3e1291 elementor-headline--style-highlight elementor-widget elementor-widget-animated-headline\" data-id=\"7f3e1291\" data-element_type=\"widget\" data-settings=\"{&quot;marker&quot;:&quot;underline&quot;,&quot;highlighted_text&quot;:&quot;Ceylan \\u0130n\\u015faat&quot;,&quot;headline_style&quot;:&quot;highlight&quot;,&quot;loop&quot;:&quot;yes&quot;,&quot;highlight_animation_duration&quot;:1200,&quot;highlight_iteration_delay&quot;:8000}\" data-widget_type=\"animated-headline.default\">\n\t\t\t\t<div class=\"elementor-widget-container\">\n\t\t\t\t\t\t\t<h3 class=\"elementor-headline\">\n\t\t\t\t<span class=\"elementor-headline-dynamic-wrapper elementor-headline-text-wrapper\">\n\t\t\t\t\t<span class=\"elementor-headline-dynamic-text elementor-headline-text-active\">Ceylan \u0130n\u015faat<\/span>\n\t\t\t\t<\/span>\n\t\t\t\t\t<span class=\"elementor-headline-plain-text elementor-headline-text-wrapper\">\u015eirket Profili<\/span>\n\t\t\t\t\t<\/h3>\n\t\t\t\t\t\t<\/div>\n\t\t\t\t<\/div>\n\t\t\t\t<div class=\"elementor-element elementor-element-4149231c elementor-widget elementor-widget-text-editor\" data-id=\"4149231c\" data-element_type=\"widget\" data-widget_type=\"text-editor.default\">\n\t\t\t\t<div class=\"elementor-widget-container\">\n\t\t\t\t\t\t\t\t\t<p class=\"p1\">1996 y\u0131l\u0131nda kurulan <b>Ceylan \u0130n\u015faat<\/b>, in\u015faat sekt\u00f6r\u00fcnde g\u00fc\u00e7l\u00fc ve g\u00fcvenilir bir marka olarak faaliyet g\u00f6stermektedir. \u015eirketimiz, bug\u00fcne kadar bir\u00e7ok ba\u015far\u0131l\u0131 projeye imza atm\u0131\u015f, ba\u015fta sanayi yap\u0131lar\u0131 olmak \u00fczere, idari binalar, okullar, hastaneler, konut projeleri ve spor tesisleri gibi geni\u015f bir yelpazede hizmet sunmu\u015ftur.<\/p><p class=\"p1\">Merkez ofisi Hatay\u2019\u0131n \u0130skenderun il\u00e7esinde bulunan Ceylan \u0130n\u015faat, b\u00f6lgesel projelerin yan\u0131 s\u0131ra T\u00fcrkiye genelinde de etkin bir \u015fekilde faaliyet g\u00f6stermektedir. Geni\u015f bir m\u00fc\u015fteri portf\u00f6y\u00fcne sahip olan firmam\u0131z, yerel ve ulusal bir\u00e7ok prestijli projeyi ba\u015far\u0131yla tamamlam\u0131\u015ft\u0131r.<\/p><p class=\"p1\">\u015eirketimiz, in\u015faat sekt\u00f6r\u00fcnde edindi\u011fi geni\u015f deneyim ve birikimle, m\u00fc\u015fterilerine en iyi \u00e7\u00f6z\u00fcmleri sunma vizyonu ile hareket etmektedir. <b>Ceylan \u0130n\u015faat<\/b>, in\u015faat s\u00fcre\u00e7lerinin her a\u015famas\u0131nda kalite, i\u015f g\u00fcvenli\u011fi ve \u00e7evresel sorumluluk ilkelerini \u00f6n planda tutarak faaliyet g\u00f6stermektedir. Projelerimizi hayata ge\u00e7irirken sadece bug\u00fcn\u00fcn de\u011fil, gelece\u011fin ihtiya\u00e7lar\u0131n\u0131 da g\u00f6z \u00f6n\u00fcnde bulunduruyor, s\u00fcrd\u00fcr\u00fclebilirlik ve yenilik\u00e7i yakla\u015f\u0131mlarla sekt\u00f6rde fark yarat\u0131yoruz.<\/p><p class=\"p1\">\u0130n\u015faat sekt\u00f6r\u00fcnde ba\u015far\u0131ya ula\u015fman\u0131n en \u00f6nemli unsurlar\u0131ndan biri olan insan kayna\u011f\u0131m\u0131za b\u00fcy\u00fck \u00f6nem veriyoruz. Deneyimli m\u00fchendis ve tekniker ekibimiz, modern teknolojileri yak\u0131ndan takip ederek projeleri en y\u00fcksek kalite standartlar\u0131nda tamamlamaktad\u0131r. S\u00fcrekli geli\u015fim anlay\u0131\u015f\u0131 ile \u00e7al\u0131\u015fanlar\u0131m\u0131z\u0131n e\u011fitimine ve profesyonel geli\u015fimine yat\u0131r\u0131m yap\u0131yoruz.<\/p><p class=\"p1\"><b>Projelerimiz<\/b>, sadece fiziksel yap\u0131larla s\u0131n\u0131rl\u0131 kalmay\u0131p, \u00e7evreye duyarl\u0131, toplumun ihtiya\u00e7lar\u0131na cevap veren ve kullan\u0131c\u0131 odakl\u0131 \u00e7\u00f6z\u00fcmler sunan projelerdir. Ceylan \u0130n\u015faat olarak, m\u00fc\u015fterilerimizle uzun vadeli ve g\u00fcvene dayal\u0131 i\u015f ili\u015fkileri kurmay\u0131 \u00f6nemsiyor, projelerimizi zaman\u0131nda ve b\u00fct\u00e7e dahilinde tamamlayarak memnuniyet sa\u011flamay\u0131 hedefliyoruz.<\/p><p class=\"p1\"><b>Ceylan \u0130n\u015faat\u2019\u0131 farkl\u0131 k\u0131lan unsurlar \u015funlard\u0131r:<\/b><b><\/b><\/p><p class=\"p3\">\u2022<b>Kalite Odakl\u0131l\u0131k:<\/b> Projelerimizin her a\u015famas\u0131nda en \u00fcst d\u00fczey kalite standartlar\u0131na ba\u011fl\u0131 kal\u0131yoruz.<\/p><p class=\"p3\">\u2022<b>Yenilik\u00e7i Yakla\u015f\u0131m:<\/b> Teknolojiyi ve sekt\u00f6rdeki geli\u015fmeleri yak\u0131ndan takip ederek en g\u00fcncel in\u015faat y\u00f6ntemlerini uyguluyoruz.<\/p><p class=\"p3\">\u2022<b>M\u00fc\u015fteri Odakl\u0131l\u0131k:<\/b> M\u00fc\u015fterilerimizin ihtiya\u00e7lar\u0131n\u0131 en iyi \u015fekilde analiz edip, beklentilerini kar\u015f\u0131layan \u00e7\u00f6z\u00fcmler sunuyoruz.<\/p><p class=\"p3\">\u2022<b>\u00c7evreye Duyarl\u0131l\u0131k:<\/b> S\u00fcrd\u00fcr\u00fclebilirlik ilkesine ba\u011fl\u0131 kalarak \u00e7evre dostu projeler geli\u015ftirmeye \u00f6zen g\u00f6steriyoruz.<\/p><p class=\"p3\">\u2022<b>G\u00fcven:<\/b> Projelerimizi her zaman taahh\u00fct etti\u011fimiz s\u00fcre ve b\u00fct\u00e7e i\u00e7inde tamamlayarak m\u00fc\u015fterilerimizin g\u00fcvenini kazan\u0131yoruz.<\/p><p class=\"p1\">Gelecekte de Ceylan \u0130n\u015faat, sekt\u00f6rdeki liderli\u011fini peki\u015ftirmeye ve T\u00fcrkiye genelinde bir\u00e7ok ba\u015far\u0131l\u0131 projeye imza atmaya devam edecektir. Her projede kaliteyi, g\u00fcveni ve m\u00fc\u015fteri memnuniyetini en \u00fcst seviyede tutarak sekt\u00f6re de\u011fer katmay\u0131 s\u00fcrd\u00fcrece\u011fiz.<\/p>\t\t\t\t\t\t\t\t<\/div>\n\t\t\t\t<\/div>\n\t\t\t\t\t<\/div>\n\t\t<\/div>\n\t\t\t\t<div class=\"elementor-column elementor-col-50 elementor-top-column elementor-element elementor-element-4ba0b62a animated-slow elementor-invisible\" data-id=\"4ba0b62a\" data-element_type=\"column\" data-settings=\"{&quot;background_background&quot;:&quot;classic&quot;,&quot;animation&quot;:&quot;fadeIn&quot;}\">\n\t\t\t<div class=\"elementor-widget-wrap elementor-element-populated\">\n\t\t\t\t\t\t<div class=\"elementor-element elementor-element-440db4fc elementor-widget elementor-widget-spacer\" data-id=\"440db4fc\" data-element_type=\"widget\" data-widget_type=\"spacer.default\">\n\t\t\t\t<div class=\"elementor-widget-container\">\n\t\t\t\t\t\t\t<div class=\"elementor-spacer\">\n\t\t\t<div class=\"elementor-spacer-inner\"><\/div>\n\t\t<\/div>\n\t\t\t\t\t\t<\/div>\n\t\t\t\t<\/div>\n\t\t\t\t\t<\/div>\n\t\t<\/div>\n\t\t\t\t\t<\/div>\n\t\t<\/section>\n\t\t\t\t<\/div>\n\t\t","protected":false},"excerpt":{"rendered":"<p>Ceylan \u0130n\u015faat \u015eirket Profili Ceylan \u0130n\u015faat \u015eirket Profili 1996 y\u0131l\u0131nda kurulan Ceylan \u0130n\u015faat, in\u015faat sekt\u00f6r\u00fcnde g\u00fc\u00e7l\u00fc ve g\u00fcvenilir bir marka olarak faaliyet g\u00f6stermektedir. \u015eirketimiz, bug\u00fcne kadar bir\u00e7ok ba\u015far\u0131l\u0131 projeye imza atm\u0131\u015f, ba\u015fta sanayi yap\u0131lar\u0131 olmak \u00fczere, idari binalar, okullar, hastaneler, konut projeleri ve spor tesisleri gibi geni\u015f bir yelpazede hizmet sunmu\u015ftur. Merkez ofisi Hatay\u2019\u0131n \u0130skenderun [&hellip;]<\/p>\n","protected":false},"author":1,"featured_media":0,"parent":0,"menu_order":0,"comment_status":"closed","ping_status":"closed","template":"","meta":{"footnotes":""},"class_list":["post-383","page","type-page","status-publish","hentry"],"_links":{"self":[{"href":"https:\/\/ceylanins.com.tr\/index.php\/wp-json\/wp\/v2\/pages\/383","targetHints":{"allow":["GET"]}}],"collection":[{"href":"https:\/\/ceylanins.com.tr\/index.php\/wp-json\/wp\/v2\/pages"}],"about":[{"href":"https:\/\/ceylanins.com.tr\/index.php\/wp-json\/wp\/v2\/types\/page"}],"author":[{"embeddable":true,"href":"https:\/\/ceylanins.com.tr\/index.php\/wp-json\/wp\/v2\/users\/1"}],"replies":[{"embeddable":true,"href":"https:\/\/ceylanins.com.tr\/index.php\/wp-json\/wp\/v2\/comments?post=383"}],"version-history":[{"count":10,"href":"https:\/\/ceylanins.com.tr\/index.php\/wp-json\/wp\/v2\/pages\/383\/revisions"}],"predecessor-version":[{"id":407,"href":"https:\/\/ceylanins.com.tr\/index.php\/wp-json\/wp\/v2\/pages\/383\/revisions\/407"}],"wp:attachment":[{"href":"https:\/\/ceylanins.com.tr\/index.php\/wp-json\/wp\/v2\/media?parent=383"}],"curies":[{"name":"wp","href":"https:\/\/api.w.org\/{rel}","templated":true}]}}