{"id":394,"date":"2024-10-15T17:40:38","date_gmt":"2024-10-15T17:40:38","guid":{"rendered":"https:\/\/ceylan.muratsabah.com.tr\/?page_id=394"},"modified":"2024-10-15T17:48:45","modified_gmt":"2024-10-15T17:48:45","slug":"degerlerimiz","status":"publish","type":"page","link":"https:\/\/ceylanins.com.tr\/index.php\/degerlerimiz\/","title":{"rendered":"De\u011ferlerimiz"},"content":{"rendered":"\t\t<div data-elementor-type=\"wp-page\" data-elementor-id=\"394\" class=\"elementor elementor-394\" data-elementor-post-type=\"page\">\n\t\t\t\t\t\t<section class=\"elementor-section elementor-top-section elementor-element elementor-element-189d5b09 elementor-section-boxed elementor-section-height-default elementor-section-height-default\" data-id=\"189d5b09\" data-element_type=\"section\" data-settings=\"{&quot;background_background&quot;:&quot;classic&quot;}\">\n\t\t\t\t\t\t\t<div class=\"elementor-background-overlay\"><\/div>\n\t\t\t\t\t\t\t<div class=\"elementor-container elementor-column-gap-default\">\n\t\t\t\t\t<div class=\"elementor-column elementor-col-100 elementor-top-column elementor-element elementor-element-58faeb12\" data-id=\"58faeb12\" data-element_type=\"column\" data-settings=\"{&quot;background_background&quot;:&quot;classic&quot;}\">\n\t\t\t<div class=\"elementor-widget-wrap elementor-element-populated\">\n\t\t\t\t\t\t<div class=\"elementor-element elementor-element-4c6863f6 elementor-invisible elementor-widget elementor-widget-heading\" data-id=\"4c6863f6\" data-element_type=\"widget\" data-settings=\"{&quot;_animation&quot;:&quot;fadeInUp&quot;,&quot;_animation_delay&quot;:400}\" data-widget_type=\"heading.default\">\n\t\t\t\t<div class=\"elementor-widget-container\">\n\t\t\t\t\t<h5 class=\"elementor-heading-title elementor-size-default\"><a href=\"https:\/\/ceylanins.com.tr\/\">Ceylan \u0130n\u015faat<\/a><\/h5>\t\t\t\t<\/div>\n\t\t\t\t<\/div>\n\t\t\t\t<div class=\"elementor-element elementor-element-707cb66b elementor-widget elementor-widget-heading\" data-id=\"707cb66b\" data-element_type=\"widget\" data-widget_type=\"heading.default\">\n\t\t\t\t<div class=\"elementor-widget-container\">\n\t\t\t\t\t<h2 class=\"elementor-heading-title elementor-size-default\">De\u011ferlerimiz<\/h2>\t\t\t\t<\/div>\n\t\t\t\t<\/div>\n\t\t\t\t<div class=\"elementor-element elementor-element-3a741a14 elementor-widget__width-initial elementor-absolute elementor-widget-divider--view-line elementor-invisible elementor-widget elementor-widget-divider\" data-id=\"3a741a14\" data-element_type=\"widget\" data-settings=\"{&quot;_animation&quot;:&quot;fadeInLeft&quot;,&quot;_animation_delay&quot;:300,&quot;_position&quot;:&quot;absolute&quot;}\" data-widget_type=\"divider.default\">\n\t\t\t\t<div class=\"elementor-widget-container\">\n\t\t\t\t\t\t\t<div class=\"elementor-divider\">\n\t\t\t<span class=\"elementor-divider-separator\">\n\t\t\t\t\t\t<\/span>\n\t\t<\/div>\n\t\t\t\t\t\t<\/div>\n\t\t\t\t<\/div>\n\t\t\t\t\t<\/div>\n\t\t<\/div>\n\t\t\t\t\t<\/div>\n\t\t<\/section>\n\t\t\t\t<section class=\"elementor-section elementor-top-section elementor-element elementor-element-481e3e36 elementor-section-boxed elementor-section-height-default elementor-section-height-default\" data-id=\"481e3e36\" data-element_type=\"section\">\n\t\t\t\t\t\t<div class=\"elementor-container elementor-column-gap-no\">\n\t\t\t\t\t<div class=\"elementor-column elementor-col-50 elementor-top-column elementor-element elementor-element-69e845ce\" data-id=\"69e845ce\" data-element_type=\"column\">\n\t\t\t<div class=\"elementor-widget-wrap elementor-element-populated\">\n\t\t\t\t\t\t<div class=\"elementor-element elementor-element-12f1e996 elementor-headline--style-highlight elementor-widget elementor-widget-animated-headline\" data-id=\"12f1e996\" data-element_type=\"widget\" data-settings=\"{&quot;marker&quot;:&quot;underline&quot;,&quot;highlighted_text&quot;:&quot;Ceylan \\u0130n\\u015faat &quot;,&quot;headline_style&quot;:&quot;highlight&quot;,&quot;loop&quot;:&quot;yes&quot;,&quot;highlight_animation_duration&quot;:1200,&quot;highlight_iteration_delay&quot;:8000}\" data-widget_type=\"animated-headline.default\">\n\t\t\t\t<div class=\"elementor-widget-container\">\n\t\t\t\t\t\t\t<h3 class=\"elementor-headline\">\n\t\t\t\t<span class=\"elementor-headline-dynamic-wrapper elementor-headline-text-wrapper\">\n\t\t\t\t\t<span class=\"elementor-headline-dynamic-text elementor-headline-text-active\">Ceylan \u0130n\u015faat <\/span>\n\t\t\t\t<\/span>\n\t\t\t\t\t<span class=\"elementor-headline-plain-text elementor-headline-text-wrapper\">Olarak De\u011ferlerimiz<\/span>\n\t\t\t\t\t<\/h3>\n\t\t\t\t\t\t<\/div>\n\t\t\t\t<\/div>\n\t\t\t\t<div class=\"elementor-element elementor-element-51203392 elementor-widget elementor-widget-text-editor\" data-id=\"51203392\" data-element_type=\"widget\" data-widget_type=\"text-editor.default\">\n\t\t\t\t<div class=\"elementor-widget-container\">\n\t\t\t\t\t\t\t\t\t<p class=\"p3\">Ceylan \u0130n\u015faat olarak, faaliyet g\u00f6sterdi\u011fimiz her alanda i\u015f ahlak\u0131, kalite ve s\u00fcrd\u00fcr\u00fclebilirlik ilkelerini temel al\u0131yoruz. \u015eirketimizin b\u00fcy\u00fcmesinde ve sekt\u00f6rdeki g\u00fcvenilir konumunu korumas\u0131nda bu de\u011ferlerimizin b\u00fcy\u00fck bir rol\u00fc bulunmaktad\u0131r. Her projemizde bu de\u011ferleri rehber alarak hareket ediyoruz.<\/p><p class=\"p1\"><b>Kalite Odakl\u0131l\u0131k:<\/b><b><\/b><\/p><p class=\"p1\">Ceylan \u0130n\u015faat i\u00e7in kalite, bir projeyi ba\u015far\u0131yla tamamlaman\u0131n temel unsurudur. T\u00fcm projelerimizde malzeme se\u00e7iminden i\u015f\u00e7ilik detaylar\u0131na kadar en y\u00fcksek kalite standartlar\u0131n\u0131 uygular, m\u00fc\u015fteri beklentilerini eksiksiz kar\u015f\u0131lamay\u0131 hedefleriz. Kaliteyi sadece i\u015f s\u00fcre\u00e7lerimizde de\u011fil, i\u015f ortaklar\u0131m\u0131zla kurdu\u011fumuz ili\u015fkilerde de \u00f6n planda tutar\u0131z.<\/p><p class=\"p1\"><b>G\u00fcven ve \u015eeffafl\u0131k:<\/b><b><\/b><\/p><p class=\"p1\">M\u00fc\u015fterilerimiz, i\u015f ortaklar\u0131m\u0131z ve \u00e7al\u0131\u015fanlar\u0131m\u0131zla kurdu\u011fumuz t\u00fcm ili\u015fkilerde g\u00fcven ve \u015feffafl\u0131k \u00f6nceli\u011fimizdir. \u0130\u015f s\u00fcre\u00e7lerimizi a\u00e7\u0131k, d\u00fcr\u00fcst ve kar\u015f\u0131l\u0131kl\u0131 g\u00fcven esas\u0131na dayal\u0131 bir \u015fekilde y\u00fcr\u00fct\u00fcr, m\u00fc\u015fterilerimizin beklentilerini en \u00fcst d\u00fczeyde kar\u015f\u0131lamaya \u00e7al\u0131\u015f\u0131r\u0131z.<\/p><p class=\"p1\"><b>\u0130\u015f Sa\u011fl\u0131\u011f\u0131 ve G\u00fcvenli\u011fi:<\/b><b><\/b><\/p><p class=\"p1\">Her projede \u00e7al\u0131\u015fanlar\u0131m\u0131z\u0131n sa\u011fl\u0131\u011f\u0131 ve g\u00fcvenli\u011fi bizim i\u00e7in birinci derecede \u00f6neme sahiptir. Faaliyetlerimizde ulusal ve uluslararas\u0131 i\u015f sa\u011fl\u0131\u011f\u0131 ve g\u00fcvenli\u011fi standartlar\u0131na tam uyum sa\u011flamakta ve bu konuda \u00f6nc\u00fc bir yakla\u015f\u0131m sergilemekteyiz.<\/p><p class=\"p1\"><b>\u00c7evreye Duyarl\u0131l\u0131k:<\/b><b><\/b><\/p><p class=\"p1\">Ceylan \u0130n\u015faat olarak, \u00e7evreye sayg\u0131l\u0131 bir \u00e7al\u0131\u015fma anlay\u0131\u015f\u0131n\u0131 benimsemekteyiz. Projelerimizi planlarken ve hayata ge\u00e7irirken \u00e7evresel etkileri g\u00f6z \u00f6n\u00fcnde bulunduruyor, s\u00fcrd\u00fcr\u00fclebilir in\u015faat y\u00f6ntemlerini uyguluyoruz. Do\u011fal kaynaklar\u0131 koruma ve enerji tasarrufu sa\u011flama ilkelerine ba\u011fl\u0131 olarak, gelecek nesillere ya\u015fanabilir bir d\u00fcnya b\u0131rakmay\u0131 hedefliyoruz.<\/p><p class=\"p1\"><b>M\u00fc\u015fteri Memnuniyeti:<\/b><b><\/b><\/p><p class=\"p1\">M\u00fc\u015fterilerimizin ihtiya\u00e7lar\u0131n\u0131 anlamak, beklentilerini a\u015fan \u00e7\u00f6z\u00fcmler sunmak Ceylan \u0130n\u015faat\u2019\u0131n en temel \u00f6nceliklerindendir. Her projemizde m\u00fc\u015fteri memnuniyetini sa\u011flamak i\u00e7in esnek ve \u00e7\u00f6z\u00fcm odakl\u0131 bir yakla\u015f\u0131m benimseyerek hizmet sunuyoruz. M\u00fc\u015fterilerimizle uzun vadeli, g\u00fcvene dayal\u0131 i\u015f ili\u015fkileri kurmak temel hedefimizdir.<\/p><p class=\"p1\"><b>\u0130novasyon ve S\u00fcrekli Geli\u015fim:<\/b><b><\/b><\/p><p class=\"p1\">\u0130n\u015faat sekt\u00f6r\u00fcnde inovasyon ve teknolojik geli\u015fmelerin takip\u00e7isi olarak, s\u00fcrekli geli\u015fmeyi ilke ediniyoruz. Projelerimizde en g\u00fcncel in\u015faat tekniklerini kullanarak hem sekt\u00f6rdeki yenilikleri hem de m\u00fc\u015fterilerimizin beklentilerini kar\u015f\u0131layan \u00e7\u00f6z\u00fcmler \u00fcretiyoruz.<\/p><p class=\"p1\"><b>\u0130nsan Kayna\u011f\u0131:<\/b><b><\/b><\/p><p class=\"p1\">Ceylan \u0130n\u015faat\u2019\u0131n en de\u011ferli varl\u0131\u011f\u0131, alan\u0131nda uzman ve deneyimli insan kayna\u011f\u0131d\u0131r. \u00c7al\u0131\u015fanlar\u0131m\u0131z\u0131n e\u011fitimine ve ki\u015fisel geli\u015fimine yat\u0131r\u0131m yaparak, onlar\u0131 sekt\u00f6rde en ileri d\u00fczeyde tutmay\u0131 hedefliyoruz. Kat\u0131l\u0131mc\u0131 ve motivasyonu y\u00fcksek bir i\u015f ortam\u0131 yaratarak, \u00e7al\u0131\u015fanlar\u0131m\u0131z\u0131n yetkinliklerini en iyi \u015fekilde kullanmalar\u0131n\u0131 sa\u011fl\u0131yoruz.<\/p><p class=\"p1\"><b>\u0130\u015f Ahlak\u0131 ve D\u00fcr\u00fcstl\u00fck:<\/b><b><\/b><\/p><p class=\"p1\">Ceylan \u0130n\u015faat olarak, t\u00fcm i\u015f s\u00fcre\u00e7lerimizde d\u00fcr\u00fcstl\u00fck ve i\u015f ahlak\u0131na ba\u011fl\u0131 kal\u0131r\u0131z. \u015eeffaf bir ileti\u015fimle m\u00fc\u015fterilerimize, i\u015f ortaklar\u0131m\u0131za ve \u00e7al\u0131\u015fanlar\u0131m\u0131za her zaman g\u00fcven sunar\u0131z. Ald\u0131\u011f\u0131m\u0131z her projede s\u00f6zle\u015fmelerimize ba\u011fl\u0131 kalarak, zaman\u0131nda ve eksiksiz bir teslimat sa\u011flar; verdi\u011fimiz taahh\u00fctleri yerine getirmek konusunda titizlikle \u00e7al\u0131\u015f\u0131r\u0131z.<\/p><p class=\"p1\"><b>S\u00fcrd\u00fcr\u00fclebilirlik:<\/b><b><\/b><\/p><p class=\"p1\">\u00c7evresel sorumluluk bilinciyle hareket ederek projelerimizde s\u00fcrd\u00fcr\u00fclebilir \u00e7\u00f6z\u00fcmler \u00fcretiriz. Do\u011fal kaynaklar\u0131n korunmas\u0131 ve enerji tasarrufu sa\u011flayan y\u00f6ntemlerle, \u00e7evreye en az zarar verecek \u015fekilde faaliyetlerimizi s\u00fcrd\u00fcr\u00fcr\u00fcz. Amac\u0131m\u0131z, sadece bug\u00fcn\u00fc de\u011fil, gelece\u011fi de d\u00fc\u015f\u00fcnerek, toplumumuza ve \u00e7evremize kar\u015f\u0131 sorumluluklar\u0131m\u0131z\u0131 yerine getirmektir.<\/p><p class=\"p1\"><b>Kalite Standartlar\u0131:<\/b><b><\/b><\/p><p class=\"p1\">Kalite, Ceylan \u0130n\u015faat\u2019\u0131n olmazsa olmaz\u0131d\u0131r. T\u00fcm projelerimizde en y\u00fcksek kalite standartlar\u0131n\u0131 uygulayarak, malzeme se\u00e7iminden i\u015f\u00e7ili\u011fe kadar her a\u015famada titizlikle \u00e7al\u0131\u015f\u0131r\u0131z. M\u00fc\u015fterilerimizin beklentilerini kar\u015f\u0131lamakla kalmay\u0131p, projelerimizde kal\u0131c\u0131 \u00e7\u00f6z\u00fcmler sunmay\u0131 ve sekt\u00f6rde \u00f6nc\u00fc bir konumda yer almay\u0131 hedefleriz.<\/p><p class=\"p1\"><b>Yenilik\u00e7ilik ve Teknoloji:<\/b><b><\/b><\/p><p class=\"p1\">\u0130n\u015faat sekt\u00f6r\u00fcndeki teknolojik yenilikleri yak\u0131ndan takip eder, bu geli\u015fmeleri projelerimize entegre ederek yenilik\u00e7i \u00e7\u00f6z\u00fcmler sunar\u0131z. Ceylan \u0130n\u015faat olarak, modern teknolojileri kullanarak verimlili\u011fi art\u0131r\u0131r ve projelerimizi daha s\u00fcrd\u00fcr\u00fclebilir, g\u00fcvenli ve ekonomik hale getiririz.<\/p>\t\t\t\t\t\t\t\t<\/div>\n\t\t\t\t<\/div>\n\t\t\t\t\t<\/div>\n\t\t<\/div>\n\t\t\t\t<div class=\"elementor-column elementor-col-50 elementor-top-column elementor-element elementor-element-57525fea animated-slow elementor-invisible\" data-id=\"57525fea\" data-element_type=\"column\" data-settings=\"{&quot;background_background&quot;:&quot;classic&quot;,&quot;animation&quot;:&quot;fadeIn&quot;}\">\n\t\t\t<div class=\"elementor-widget-wrap elementor-element-populated\">\n\t\t\t\t\t\t<div class=\"elementor-element elementor-element-af2d567 elementor-widget elementor-widget-spacer\" data-id=\"af2d567\" data-element_type=\"widget\" data-widget_type=\"spacer.default\">\n\t\t\t\t<div class=\"elementor-widget-container\">\n\t\t\t\t\t\t\t<div class=\"elementor-spacer\">\n\t\t\t<div class=\"elementor-spacer-inner\"><\/div>\n\t\t<\/div>\n\t\t\t\t\t\t<\/div>\n\t\t\t\t<\/div>\n\t\t\t\t\t<\/div>\n\t\t<\/div>\n\t\t\t\t\t<\/div>\n\t\t<\/section>\n\t\t\t\t<\/div>\n\t\t","protected":false},"excerpt":{"rendered":"<p>Ceylan \u0130n\u015faat De\u011ferlerimiz Ceylan \u0130n\u015faat Olarak De\u011ferlerimiz Ceylan \u0130n\u015faat olarak, faaliyet g\u00f6sterdi\u011fimiz her alanda i\u015f ahlak\u0131, kalite ve s\u00fcrd\u00fcr\u00fclebilirlik ilkelerini temel al\u0131yoruz. \u015eirketimizin b\u00fcy\u00fcmesinde ve sekt\u00f6rdeki g\u00fcvenilir konumunu korumas\u0131nda bu de\u011ferlerimizin b\u00fcy\u00fck bir rol\u00fc bulunmaktad\u0131r. Her projemizde bu de\u011ferleri rehber alarak hareket ediyoruz. Kalite Odakl\u0131l\u0131k: Ceylan \u0130n\u015faat i\u00e7in kalite, bir projeyi ba\u015far\u0131yla tamamlaman\u0131n temel unsurudur. [&hellip;]<\/p>\n","protected":false},"author":1,"featured_media":0,"parent":0,"menu_order":0,"comment_status":"closed","ping_status":"closed","template":"","meta":{"footnotes":""},"class_list":["post-394","page","type-page","status-publish","hentry"],"_links":{"self":[{"href":"https:\/\/ceylanins.com.tr\/index.php\/wp-json\/wp\/v2\/pages\/394","targetHints":{"allow":["GET"]}}],"collection":[{"href":"https:\/\/ceylanins.com.tr\/index.php\/wp-json\/wp\/v2\/pages"}],"about":[{"href":"https:\/\/ceylanins.com.tr\/index.php\/wp-json\/wp\/v2\/types\/page"}],"author":[{"embeddable":true,"href":"https:\/\/ceylanins.com.tr\/index.php\/wp-json\/wp\/v2\/users\/1"}],"replies":[{"embeddable":true,"href":"https:\/\/ceylanins.com.tr\/index.php\/wp-json\/wp\/v2\/comments?post=394"}],"version-history":[{"count":10,"href":"https:\/\/ceylanins.com.tr\/index.php\/wp-json\/wp\/v2\/pages\/394\/revisions"}],"predecessor-version":[{"id":404,"href":"https:\/\/ceylanins.com.tr\/index.php\/wp-json\/wp\/v2\/pages\/394\/revisions\/404"}],"wp:attachment":[{"href":"https:\/\/ceylanins.com.tr\/index.php\/wp-json\/wp\/v2\/media?parent=394"}],"curies":[{"name":"wp","href":"https:\/\/api.w.org\/{rel}","templated":true}]}}