{"id":408,"date":"2024-10-15T17:54:00","date_gmt":"2024-10-15T17:54:00","guid":{"rendered":"https:\/\/ceylan.muratsabah.com.tr\/?page_id=408"},"modified":"2024-10-15T18:00:22","modified_gmt":"2024-10-15T18:00:22","slug":"tarihce","status":"publish","type":"page","link":"https:\/\/ceylanins.com.tr\/index.php\/tarihce\/","title":{"rendered":"Tarih\u00e7e"},"content":{"rendered":"\t\t<div data-elementor-type=\"wp-page\" data-elementor-id=\"408\" class=\"elementor elementor-408\" data-elementor-post-type=\"page\">\n\t\t\t\t\t\t<section class=\"elementor-section elementor-top-section elementor-element elementor-element-7b3e502d elementor-section-boxed elementor-section-height-default elementor-section-height-default\" data-id=\"7b3e502d\" data-element_type=\"section\" data-settings=\"{&quot;background_background&quot;:&quot;classic&quot;}\">\n\t\t\t\t\t\t\t<div class=\"elementor-background-overlay\"><\/div>\n\t\t\t\t\t\t\t<div class=\"elementor-container elementor-column-gap-default\">\n\t\t\t\t\t<div class=\"elementor-column elementor-col-100 elementor-top-column elementor-element elementor-element-522f4276\" data-id=\"522f4276\" data-element_type=\"column\" data-settings=\"{&quot;background_background&quot;:&quot;classic&quot;}\">\n\t\t\t<div class=\"elementor-widget-wrap elementor-element-populated\">\n\t\t\t\t\t\t<div class=\"elementor-element elementor-element-33431f9e elementor-invisible elementor-widget elementor-widget-heading\" data-id=\"33431f9e\" data-element_type=\"widget\" data-settings=\"{&quot;_animation&quot;:&quot;fadeInUp&quot;,&quot;_animation_delay&quot;:400}\" data-widget_type=\"heading.default\">\n\t\t\t\t<div class=\"elementor-widget-container\">\n\t\t\t\t\t<h5 class=\"elementor-heading-title elementor-size-default\"><a href=\"http:\/\/ana\">Ceylan \u0130n\u015faat<\/a><\/h5>\t\t\t\t<\/div>\n\t\t\t\t<\/div>\n\t\t\t\t<div class=\"elementor-element elementor-element-57f7e990 elementor-widget elementor-widget-heading\" data-id=\"57f7e990\" data-element_type=\"widget\" data-widget_type=\"heading.default\">\n\t\t\t\t<div class=\"elementor-widget-container\">\n\t\t\t\t\t<h2 class=\"elementor-heading-title elementor-size-default\">Tarih\u00e7e<\/h2>\t\t\t\t<\/div>\n\t\t\t\t<\/div>\n\t\t\t\t<div class=\"elementor-element elementor-element-16a6e9d9 elementor-widget__width-initial elementor-absolute elementor-widget-divider--view-line elementor-invisible elementor-widget elementor-widget-divider\" data-id=\"16a6e9d9\" data-element_type=\"widget\" data-settings=\"{&quot;_animation&quot;:&quot;fadeInLeft&quot;,&quot;_animation_delay&quot;:300,&quot;_position&quot;:&quot;absolute&quot;}\" data-widget_type=\"divider.default\">\n\t\t\t\t<div class=\"elementor-widget-container\">\n\t\t\t\t\t\t\t<div class=\"elementor-divider\">\n\t\t\t<span class=\"elementor-divider-separator\">\n\t\t\t\t\t\t<\/span>\n\t\t<\/div>\n\t\t\t\t\t\t<\/div>\n\t\t\t\t<\/div>\n\t\t\t\t\t<\/div>\n\t\t<\/div>\n\t\t\t\t\t<\/div>\n\t\t<\/section>\n\t\t\t\t<section class=\"elementor-section elementor-top-section elementor-element elementor-element-7dc10ac8 elementor-section-boxed elementor-section-height-default elementor-section-height-default\" data-id=\"7dc10ac8\" data-element_type=\"section\">\n\t\t\t\t\t\t<div class=\"elementor-container elementor-column-gap-no\">\n\t\t\t\t\t<div class=\"elementor-column elementor-col-100 elementor-top-column elementor-element elementor-element-35afa03a\" data-id=\"35afa03a\" data-element_type=\"column\">\n\t\t\t<div class=\"elementor-widget-wrap elementor-element-populated\">\n\t\t\t\t\t\t<div class=\"elementor-element elementor-element-6bca5a70 elementor-headline--style-highlight elementor-widget elementor-widget-animated-headline\" data-id=\"6bca5a70\" data-element_type=\"widget\" data-settings=\"{&quot;marker&quot;:&quot;underline&quot;,&quot;highlighted_text&quot;:&quot;Ceylan \\u0130n\\u015faat&quot;,&quot;headline_style&quot;:&quot;highlight&quot;,&quot;loop&quot;:&quot;yes&quot;,&quot;highlight_animation_duration&quot;:1200,&quot;highlight_iteration_delay&quot;:8000}\" data-widget_type=\"animated-headline.default\">\n\t\t\t\t<div class=\"elementor-widget-container\">\n\t\t\t\t\t\t\t<h3 class=\"elementor-headline\">\n\t\t\t\t<span class=\"elementor-headline-dynamic-wrapper elementor-headline-text-wrapper\">\n\t\t\t\t\t<span class=\"elementor-headline-dynamic-text elementor-headline-text-active\">Ceylan \u0130n\u015faat<\/span>\n\t\t\t\t<\/span>\n\t\t\t\t\t<span class=\"elementor-headline-plain-text elementor-headline-text-wrapper\">Tarih\u00e7emiz<\/span>\n\t\t\t\t\t<\/h3>\n\t\t\t\t\t\t<\/div>\n\t\t\t\t<\/div>\n\t\t\t\t<div class=\"elementor-element elementor-element-5ae94d4 elementor-widget elementor-widget-text-editor\" data-id=\"5ae94d4\" data-element_type=\"widget\" data-widget_type=\"text-editor.default\">\n\t\t\t\t<div class=\"elementor-widget-container\">\n\t\t\t\t\t\t\t\t\t<p class=\"p1\"><b>Ceylan \u0130n\u015faat<\/b>, 1996 y\u0131l\u0131nda Hatay\u2019\u0131n \u0130skenderun il\u00e7esinde, in\u015faat sekt\u00f6r\u00fcnde g\u00fc\u00e7l\u00fc bir ad\u0131m atma hedefiyle kuruldu. Faaliyetlerine ba\u015flad\u0131\u011f\u0131 ilk y\u0131llardan itibaren kalite ve g\u00fcveni \u00f6n planda tutarak, T\u00fcrkiye genelinde pek \u00e7ok projeye imza atm\u0131\u015ft\u0131r. Sanayi yap\u0131lar\u0131, idari binalar, hastaneler, e\u011fitim kurumlar\u0131 ve konut projeleri gibi geni\u015f bir yelpazede ba\u015far\u0131l\u0131 \u00e7al\u0131\u015fmalar y\u00fcr\u00fcten Ceylan \u0130n\u015faat, sekt\u00f6rdeki g\u00fcvenilirli\u011fi ve uzmanl\u0131\u011f\u0131yla h\u0131zla b\u00fcy\u00fcm\u00fc\u015ft\u00fcr.<\/p><p class=\"p1\">1990\u2019l\u0131 y\u0131llar\u0131n sonlar\u0131nda, Ceylan \u0130n\u015faat sanayi yap\u0131lar\u0131ndaki uzmanl\u0131\u011f\u0131yla b\u00f6lgesel projelerde fark yaratm\u0131\u015f ve k\u0131sa s\u00fcrede b\u00f6lgenin \u00f6nde gelen in\u015faat firmalar\u0131ndan biri haline gelmi\u015ftir. 2000\u2019li y\u0131llarda, b\u00f6lgesel ba\u015far\u0131lar\u0131n\u0131 ulusal d\u00fczeye ta\u015f\u0131m\u0131\u015f, T\u00fcrkiye genelinde bir\u00e7ok prestijli projeyi ba\u015far\u0131yla tamamlayarak in\u015faat sekt\u00f6r\u00fcnde g\u00fcvenilir bir marka olarak tan\u0131nmaya ba\u015flam\u0131\u015ft\u0131r.<\/p><p class=\"p1\"><b>2005<\/b> y\u0131l\u0131nda \u015firketimiz, sanayi yap\u0131lar\u0131n\u0131n yan\u0131 s\u0131ra, konut projelerine de a\u011f\u0131rl\u0131k vererek in\u015faat portf\u00f6y\u00fcn\u00fc geni\u015fletmi\u015ftir. Bu d\u00f6nemde m\u00fc\u015fteri memnuniyetini en \u00fcst seviyede tutarak, bir\u00e7ok aileyi g\u00fcvenli ve modern ya\u015fam alanlar\u0131na kavu\u015fturmu\u015ftur.<\/p><p class=\"p1\"><b>2010<\/b> y\u0131l\u0131 itibar\u0131yla Ceylan \u0130n\u015faat, i\u015f sa\u011fl\u0131\u011f\u0131 ve g\u00fcvenli\u011fi konular\u0131nda uluslararas\u0131 standartlara uygun projeler geli\u015ftirmeye ba\u015flam\u0131\u015f ve \u00e7evreye duyarl\u0131l\u0131\u011f\u0131 \u00f6n planda tutarak s\u00fcrd\u00fcr\u00fclebilir in\u015faat y\u00f6ntemlerini benimsemi\u015ftir. Teknolojik yenilikleri projelerine entegre eden \u015firketimiz, sekt\u00f6rde fark yaratan projelerle \u00f6nc\u00fc konumunu peki\u015ftirmi\u015ftir.<\/p><p class=\"p1\"><b>2015<\/b> y\u0131l\u0131ndan itibaren, b\u00fcy\u00fck \u00f6l\u00e7ekli sanayi yap\u0131lar\u0131 ve kamu projelerine daha fazla odaklanarak T\u00fcrkiye genelinde bir\u00e7ok stratejik projeyi ba\u015far\u0131yla hayata ge\u00e7irdik. Ayn\u0131 zamanda, topluma olan sorumlulu\u011fumuzun bilinciyle sosyal sorumluluk projelerine de katk\u0131da bulunarak sekt\u00f6rde \u00f6rnek bir firma olduk.<\/p><p class=\"p1\">Bug\u00fcn <b>Ceylan \u0130n\u015faat<\/b>, sanayi yap\u0131lar\u0131, konut projeleri, kamu binalar\u0131, e\u011fitim kurumlar\u0131 ve spor tesisleri gibi pek \u00e7ok farkl\u0131 alanda kaliteli ve g\u00fcvenilir \u00e7\u00f6z\u00fcmler sunmaya devam etmektedir. \u015eirketimiz, ge\u00e7mi\u015ften gelen deneyimi ve gelece\u011fe d\u00f6n\u00fck yenilik\u00e7i vizyonuyla, in\u015faat sekt\u00f6r\u00fcn\u00fcn \u00f6nde gelen firmalar\u0131ndan biri olmay\u0131 s\u00fcrd\u00fcrmektedir.<\/p>\t\t\t\t\t\t\t\t<\/div>\n\t\t\t\t<\/div>\n\t\t\t\t\t<\/div>\n\t\t<\/div>\n\t\t\t\t\t<\/div>\n\t\t<\/section>\n\t\t\t\t<\/div>\n\t\t","protected":false},"excerpt":{"rendered":"<p>Ceylan \u0130n\u015faat Tarih\u00e7e Ceylan \u0130n\u015faat Tarih\u00e7emiz Ceylan \u0130n\u015faat, 1996 y\u0131l\u0131nda Hatay\u2019\u0131n \u0130skenderun il\u00e7esinde, in\u015faat sekt\u00f6r\u00fcnde g\u00fc\u00e7l\u00fc bir ad\u0131m atma hedefiyle kuruldu. Faaliyetlerine ba\u015flad\u0131\u011f\u0131 ilk y\u0131llardan itibaren kalite ve g\u00fcveni \u00f6n planda tutarak, T\u00fcrkiye genelinde pek \u00e7ok projeye imza atm\u0131\u015ft\u0131r. Sanayi yap\u0131lar\u0131, idari binalar, hastaneler, e\u011fitim kurumlar\u0131 ve konut projeleri gibi geni\u015f bir yelpazede ba\u015far\u0131l\u0131 \u00e7al\u0131\u015fmalar [&hellip;]<\/p>\n","protected":false},"author":1,"featured_media":0,"parent":0,"menu_order":0,"comment_status":"closed","ping_status":"closed","template":"","meta":{"footnotes":""},"class_list":["post-408","page","type-page","status-publish","hentry"],"_links":{"self":[{"href":"https:\/\/ceylanins.com.tr\/index.php\/wp-json\/wp\/v2\/pages\/408","targetHints":{"allow":["GET"]}}],"collection":[{"href":"https:\/\/ceylanins.com.tr\/index.php\/wp-json\/wp\/v2\/pages"}],"about":[{"href":"https:\/\/ceylanins.com.tr\/index.php\/wp-json\/wp\/v2\/types\/page"}],"author":[{"embeddable":true,"href":"https:\/\/ceylanins.com.tr\/index.php\/wp-json\/wp\/v2\/users\/1"}],"replies":[{"embeddable":true,"href":"https:\/\/ceylanins.com.tr\/index.php\/wp-json\/wp\/v2\/comments?post=408"}],"version-history":[{"count":10,"href":"https:\/\/ceylanins.com.tr\/index.php\/wp-json\/wp\/v2\/pages\/408\/revisions"}],"predecessor-version":[{"id":419,"href":"https:\/\/ceylanins.com.tr\/index.php\/wp-json\/wp\/v2\/pages\/408\/revisions\/419"}],"wp:attachment":[{"href":"https:\/\/ceylanins.com.tr\/index.php\/wp-json\/wp\/v2\/media?parent=408"}],"curies":[{"name":"wp","href":"https:\/\/api.w.org\/{rel}","templated":true}]}}