{"id":423,"date":"2024-10-15T18:07:19","date_gmt":"2024-10-15T18:07:19","guid":{"rendered":"https:\/\/ceylan.muratsabah.com.tr\/?page_id=423"},"modified":"2024-10-16T12:58:36","modified_gmt":"2024-10-16T12:58:36","slug":"kariyer","status":"publish","type":"page","link":"https:\/\/ceylanins.com.tr\/index.php\/kariyer\/","title":{"rendered":"Kariyer"},"content":{"rendered":"\t\t<div data-elementor-type=\"wp-page\" data-elementor-id=\"423\" class=\"elementor elementor-423\" data-elementor-post-type=\"page\">\n\t\t\t\t\t\t<section class=\"elementor-section elementor-top-section elementor-element elementor-element-40633c86 elementor-section-boxed elementor-section-height-default elementor-section-height-default\" data-id=\"40633c86\" data-element_type=\"section\" data-settings=\"{&quot;background_background&quot;:&quot;classic&quot;}\">\n\t\t\t\t\t\t\t<div class=\"elementor-background-overlay\"><\/div>\n\t\t\t\t\t\t\t<div class=\"elementor-container elementor-column-gap-default\">\n\t\t\t\t\t<div class=\"elementor-column elementor-col-100 elementor-top-column elementor-element elementor-element-4479d746\" data-id=\"4479d746\" data-element_type=\"column\" data-settings=\"{&quot;background_background&quot;:&quot;classic&quot;}\">\n\t\t\t<div class=\"elementor-widget-wrap elementor-element-populated\">\n\t\t\t\t\t\t<div class=\"elementor-element elementor-element-60149ea5 elementor-invisible elementor-widget elementor-widget-heading\" data-id=\"60149ea5\" data-element_type=\"widget\" data-settings=\"{&quot;_animation&quot;:&quot;fadeInUp&quot;,&quot;_animation_delay&quot;:400}\" data-widget_type=\"heading.default\">\n\t\t\t\t<div class=\"elementor-widget-container\">\n\t\t\t\t\t<h5 class=\"elementor-heading-title elementor-size-default\"><a href=\"https:\/\/ceylanins.com.tr\/\">Ceylan \u0130n\u015faat<\/a><\/h5>\t\t\t\t<\/div>\n\t\t\t\t<\/div>\n\t\t\t\t<div class=\"elementor-element elementor-element-79c0901e elementor-widget elementor-widget-heading\" data-id=\"79c0901e\" data-element_type=\"widget\" data-widget_type=\"heading.default\">\n\t\t\t\t<div class=\"elementor-widget-container\">\n\t\t\t\t\t<h2 class=\"elementor-heading-title elementor-size-default\">Kariyer<\/h2>\t\t\t\t<\/div>\n\t\t\t\t<\/div>\n\t\t\t\t<div class=\"elementor-element elementor-element-5d50456f elementor-widget__width-initial elementor-absolute elementor-widget-divider--view-line elementor-invisible elementor-widget elementor-widget-divider\" data-id=\"5d50456f\" data-element_type=\"widget\" data-settings=\"{&quot;_animation&quot;:&quot;fadeInLeft&quot;,&quot;_animation_delay&quot;:300,&quot;_position&quot;:&quot;absolute&quot;}\" data-widget_type=\"divider.default\">\n\t\t\t\t<div class=\"elementor-widget-container\">\n\t\t\t\t\t\t\t<div class=\"elementor-divider\">\n\t\t\t<span class=\"elementor-divider-separator\">\n\t\t\t\t\t\t<\/span>\n\t\t<\/div>\n\t\t\t\t\t\t<\/div>\n\t\t\t\t<\/div>\n\t\t\t\t\t<\/div>\n\t\t<\/div>\n\t\t\t\t\t<\/div>\n\t\t<\/section>\n\t\t\t\t<section class=\"elementor-section elementor-top-section elementor-element elementor-element-279cf552 elementor-section-boxed elementor-section-height-default elementor-section-height-default\" data-id=\"279cf552\" data-element_type=\"section\">\n\t\t\t\t\t\t<div class=\"elementor-container elementor-column-gap-no\">\n\t\t\t\t\t<div class=\"elementor-column elementor-col-100 elementor-top-column elementor-element elementor-element-80d6f5d\" data-id=\"80d6f5d\" data-element_type=\"column\">\n\t\t\t<div class=\"elementor-widget-wrap elementor-element-populated\">\n\t\t\t\t\t\t<div class=\"elementor-element elementor-element-73f73e2e elementor-headline--style-highlight elementor-widget elementor-widget-animated-headline\" data-id=\"73f73e2e\" data-element_type=\"widget\" data-settings=\"{&quot;marker&quot;:&quot;underline&quot;,&quot;highlighted_text&quot;:&quot;Ceylan \\u0130n\\u015faat&quot;,&quot;headline_style&quot;:&quot;highlight&quot;,&quot;loop&quot;:&quot;yes&quot;,&quot;highlight_animation_duration&quot;:1200,&quot;highlight_iteration_delay&quot;:8000}\" data-widget_type=\"animated-headline.default\">\n\t\t\t\t<div class=\"elementor-widget-container\">\n\t\t\t\t\t\t\t<h3 class=\"elementor-headline\">\n\t\t\t\t<span class=\"elementor-headline-dynamic-wrapper elementor-headline-text-wrapper\">\n\t\t\t\t\t<span class=\"elementor-headline-dynamic-text elementor-headline-text-active\">Ceylan \u0130n\u015faat<\/span>\n\t\t\t\t<\/span>\n\t\t\t\t\t<span class=\"elementor-headline-plain-text elementor-headline-text-wrapper\">Kariyer<\/span>\n\t\t\t\t\t<\/h3>\n\t\t\t\t\t\t<\/div>\n\t\t\t\t<\/div>\n\t\t\t\t<div class=\"elementor-element elementor-element-3a2d6433 elementor-widget elementor-widget-text-editor\" data-id=\"3a2d6433\" data-element_type=\"widget\" data-widget_type=\"text-editor.default\">\n\t\t\t\t<div class=\"elementor-widget-container\">\n\t\t\t\t\t\t\t\t\t<p class=\"p1\"><b>Ceylan \u0130n\u015faat<\/b>, insan kayna\u011f\u0131n\u0131 en de\u011ferli varl\u0131\u011f\u0131 olarak g\u00f6rmektedir. Sekt\u00f6rdeki ba\u015far\u0131m\u0131z\u0131n arkas\u0131nda, alan\u0131nda uzman, yenilik\u00e7i ve dinamik bir ekip yer almaktad\u0131r. Bizimle \u00e7al\u0131\u015farak, in\u015faat sekt\u00f6r\u00fcnde fark yaratan projelere imza atma f\u0131rsat\u0131n\u0131 elde edebilir, profesyonel geli\u015fiminize katk\u0131da bulunacak bir kariyer yolculu\u011funa ad\u0131m atabilirsiniz.<\/p><p class=\"p1\">\u015eirketimiz, \u00e7al\u0131\u015fanlar\u0131n\u0131n ki\u015fisel ve profesyonel geli\u015fimlerini desteklemek i\u00e7in e\u011fitim ve geli\u015fim programlar\u0131na b\u00fcy\u00fck \u00f6nem verir. Bu do\u011frultuda, sadece mevcut yetenekleri de\u011fil, potansiyelinizi de ortaya \u00e7\u0131karmaya y\u00f6nelik bir \u00e7al\u0131\u015fma ortam\u0131 sunuyoruz. Yenilik\u00e7i fikirlerin ve yarat\u0131c\u0131 \u00e7\u00f6z\u00fcmlerin de\u011fer g\u00f6rd\u00fc\u011f\u00fc bir k\u00fclt\u00fcr i\u00e7erisinde, kariyer basamaklar\u0131n\u0131 h\u0131zla t\u0131rmanma imk\u00e2n\u0131 bulacaks\u0131n\u0131z.<\/p><p class=\"p1\"><b>Ceylan \u0130n\u015faat\u2019ta kariyer yapman\u0131n avantajlar\u0131:<\/b><b><\/b><\/p><p class=\"p3\">\u2022<b>Profesyonel Geli\u015fim:<\/b> S\u00fcrekli e\u011fitim ve geli\u015fim f\u0131rsatlar\u0131 ile \u00e7al\u0131\u015fanlar\u0131m\u0131z\u0131n yetkinliklerini art\u0131rmay\u0131 hedefliyoruz. Projelerimizde modern in\u015faat teknikleri ve en son teknolojileri kullanarak, sekt\u00f6rdeki en g\u00fcncel bilgi ve becerilere sahip olman\u0131za olanak sa\u011fl\u0131yoruz.<\/p><p class=\"p3\">\u2022<b>\u0130\u015f Sa\u011fl\u0131\u011f\u0131 ve G\u00fcvenli\u011fi:<\/b> \u0130\u015f sa\u011fl\u0131\u011f\u0131 ve g\u00fcvenli\u011fi, bizim i\u00e7in her zaman \u00f6nceliklidir. G\u00fcvenli ve sa\u011fl\u0131kl\u0131 bir \u00e7al\u0131\u015fma ortam\u0131 sunarak, \u00e7al\u0131\u015fanlar\u0131m\u0131z\u0131n refah\u0131n\u0131 koruyoruz.<\/p><p class=\"p3\">\u2022<b>Tak\u0131m \u00c7al\u0131\u015fmas\u0131 ve Kat\u0131l\u0131mc\u0131l\u0131k:<\/b> Ceylan \u0130n\u015faat, tak\u0131m ruhunu ve i\u015f birli\u011fini te\u015fvik eden bir \u00e7al\u0131\u015fma k\u00fclt\u00fcr\u00fcne sahiptir. T\u00fcm \u00e7al\u0131\u015fanlar\u0131m\u0131z\u0131n fikirlerine de\u011fer verir ve birlikte en iyi sonu\u00e7lar\u0131 elde etmeyi hedefleriz.<\/p><p class=\"p3\">\u2022<b>Yenilik\u00e7ilik ve S\u00fcrd\u00fcr\u00fclebilirlik:<\/b> Yenilik\u00e7i projelerde yer alarak, s\u00fcrd\u00fcr\u00fclebilir \u00e7\u00f6z\u00fcmler \u00fcretme f\u0131rsat\u0131na sahip olursunuz. Gelece\u011fi \u015fekillendiren projelerimizde aktif rol alabilir, \u00e7evresel ve toplumsal sorumluluklar\u0131m\u0131z do\u011frultusunda in\u015faat sekt\u00f6r\u00fcne katk\u0131da bulunabilirsiniz.<\/p><p class=\"p1\"><b>A\u00e7\u0131k Pozisyonlar<\/b><b><\/b><\/p><p class=\"p1\">Ceylan \u0130n\u015faat b\u00fcnyesinde, in\u015faat m\u00fchendisli\u011fi, mimarl\u0131k, proje y\u00f6netimi, i\u015f g\u00fcvenli\u011fi uzmanl\u0131\u011f\u0131, teknik personel ve \u00e7e\u015fitli idari pozisyonlar gibi geni\u015f bir yelpazede kariyer f\u0131rsatlar\u0131 sunmaktay\u0131z. Mevcut a\u00e7\u0131k pozisyonlar\u0131 g\u00f6rmek ve ba\u015fvuruda bulunmak i\u00e7in internet sitemizi\u00a0ziyaret edebilir veya \u00f6zge\u00e7mi\u015finizi do\u011frudan <b>kariyer@ceylanins.com.tr<\/b> adresine iletebilirsiniz.<\/p><p class=\"p1\">\u00a0<\/p>\t\t\t\t\t\t\t\t<\/div>\n\t\t\t\t<\/div>\n\t\t\t\t\t<\/div>\n\t\t<\/div>\n\t\t\t\t\t<\/div>\n\t\t<\/section>\n\t\t\t\t<\/div>\n\t\t","protected":false},"excerpt":{"rendered":"<p>Ceylan \u0130n\u015faat Kariyer Ceylan \u0130n\u015faat Kariyer Ceylan \u0130n\u015faat, insan kayna\u011f\u0131n\u0131 en de\u011ferli varl\u0131\u011f\u0131 olarak g\u00f6rmektedir. Sekt\u00f6rdeki ba\u015far\u0131m\u0131z\u0131n arkas\u0131nda, alan\u0131nda uzman, yenilik\u00e7i ve dinamik bir ekip yer almaktad\u0131r. Bizimle \u00e7al\u0131\u015farak, in\u015faat sekt\u00f6r\u00fcnde fark yaratan projelere imza atma f\u0131rsat\u0131n\u0131 elde edebilir, profesyonel geli\u015fiminize katk\u0131da bulunacak bir kariyer yolculu\u011funa ad\u0131m atabilirsiniz. \u015eirketimiz, \u00e7al\u0131\u015fanlar\u0131n\u0131n ki\u015fisel ve profesyonel geli\u015fimlerini desteklemek [&hellip;]<\/p>\n","protected":false},"author":1,"featured_media":0,"parent":0,"menu_order":0,"comment_status":"closed","ping_status":"closed","template":"","meta":{"footnotes":""},"class_list":["post-423","page","type-page","status-publish","hentry"],"_links":{"self":[{"href":"https:\/\/ceylanins.com.tr\/index.php\/wp-json\/wp\/v2\/pages\/423","targetHints":{"allow":["GET"]}}],"collection":[{"href":"https:\/\/ceylanins.com.tr\/index.php\/wp-json\/wp\/v2\/pages"}],"about":[{"href":"https:\/\/ceylanins.com.tr\/index.php\/wp-json\/wp\/v2\/types\/page"}],"author":[{"embeddable":true,"href":"https:\/\/ceylanins.com.tr\/index.php\/wp-json\/wp\/v2\/users\/1"}],"replies":[{"embeddable":true,"href":"https:\/\/ceylanins.com.tr\/index.php\/wp-json\/wp\/v2\/comments?post=423"}],"version-history":[{"count":7,"href":"https:\/\/ceylanins.com.tr\/index.php\/wp-json\/wp\/v2\/pages\/423\/revisions"}],"predecessor-version":[{"id":490,"href":"https:\/\/ceylanins.com.tr\/index.php\/wp-json\/wp\/v2\/pages\/423\/revisions\/490"}],"wp:attachment":[{"href":"https:\/\/ceylanins.com.tr\/index.php\/wp-json\/wp\/v2\/media?parent=423"}],"curies":[{"name":"wp","href":"https:\/\/api.w.org\/{rel}","templated":true}]}}